{"id":9010,"date":"2020-05-06T16:08:09","date_gmt":"2020-05-06T14:08:09","guid":{"rendered":"https:\/\/celene-bordeaux.fr\/cave-en-ligne\/coeur-de-vigne-by-chateau-lanbersac-puisseguin-saint-emilion\/"},"modified":"2025-01-16T11:44:56","modified_gmt":"2025-01-16T10:44:56","slug":"coeur-de-vigne-by-chateau-lanbersac-puisseguin-saint-emilion","status":"publish","type":"product","link":"https:\/\/celene-bordeaux.fr\/en\/online-cellar\/coeur-de-vigne-by-chateau-lanbersac-puisseguin-saint-emilion\/","title":{"rendered":"Coeur de vigne by Ch\u00e2teau Lanbersac &#8211; Puisseguin Saint-Emilion 2019"},"content":{"rendered":"<p>Coeur de vigne by Ch\u00e2teau Lanbersac &#8211; Puisseguin Saint-Emilion Merlot \/ Cabernet Franc \/ Malbec<\/p>\n<p>Cette cuv\u00e9e, d&#8217;une robe violine profonde, lib\u00e8re d&#8217;intenses ar\u00f4mes de cassis, m\u00fbre et groseille.<\/p>\n<p>La bouche est g\u00e9n\u00e9reuse, suave et concentr\u00e9e avec une tr\u00e8s belle intensit\u00e9 fruit\u00e9e.<\/p>\n<p>Cuv\u00e9e Sans Soufre Ajout\u00e9.<\/p>\n","protected":false},"excerpt":{"rendered":"<p>Coeur de vigne by Ch\u00e2teau Lanbersac &#8211; Puisseguin Saint-Emilion Merlot \/ Cabernet Franc \/ Malbec Cette cuv\u00e9e, d&#8217;une robe violine profonde, lib\u00e8re d&#8217;intenses ar\u00f4mes de cassis, m\u00fbre et groseille. La bouche est g\u00e9n\u00e9reuse, suave et concentr\u00e9e avec une tr\u00e8s belle intensit\u00e9 fruit\u00e9e. Cuv\u00e9e Sans Soufre Ajout\u00e9.<\/p>\n","protected":false},"featured_media":9001,"template":"","meta":{"_acf_changed":false,"_seopress_robots_primary_cat":"none","_seopress_titles_title":"","_seopress_titles_desc":"","_seopress_robots_index":""},"product_brand":[],"product_cat":[47],"product_tag":[],"class_list":{"0":"post-9010","1":"product","2":"type-product","3":"status-publish","4":"has-post-thumbnail","6":"product_cat-wines","8":"first","9":"instock","10":"taxable","11":"shipping-taxable","12":"purchasable","13":"product-type-simple"},"acf":[],"_links":{"self":[{"href":"https:\/\/celene-bordeaux.fr\/en\/wp-json\/wp\/v2\/product\/9010","targetHints":{"allow":["GET"]}}],"collection":[{"href":"https:\/\/celene-bordeaux.fr\/en\/wp-json\/wp\/v2\/product"}],"about":[{"href":"https:\/\/celene-bordeaux.fr\/en\/wp-json\/wp\/v2\/types\/product"}],"wp:featuredmedia":[{"embeddable":true,"href":"https:\/\/celene-bordeaux.fr\/en\/wp-json\/wp\/v2\/media\/9001"}],"wp:attachment":[{"href":"https:\/\/celene-bordeaux.fr\/en\/wp-json\/wp\/v2\/media?parent=9010"}],"wp:term":[{"taxonomy":"product_brand","embeddable":true,"href":"https:\/\/celene-bordeaux.fr\/en\/wp-json\/wp\/v2\/product_brand?post=9010"},{"taxonomy":"product_cat","embeddable":true,"href":"https:\/\/celene-bordeaux.fr\/en\/wp-json\/wp\/v2\/product_cat?post=9010"},{"taxonomy":"product_tag","embeddable":true,"href":"https:\/\/celene-bordeaux.fr\/en\/wp-json\/wp\/v2\/product_tag?post=9010"}],"curies":[{"name":"wp","href":"https:\/\/api.w.org\/{rel}","templated":true}]}}