{"id":9008,"date":"2020-05-13T21:28:00","date_gmt":"2020-05-13T19:28:00","guid":{"rendered":"https:\/\/celene-bordeaux.fr\/cave-en-ligne\/cuvee-or-rouge-chateau-lanbersac-puisseguin-saint-emilion\/"},"modified":"2025-01-16T11:44:34","modified_gmt":"2025-01-16T10:44:34","slug":"cuvee-or-rouge-chateau-lanbersac-puisseguin-saint-emilion","status":"publish","type":"product","link":"https:\/\/celene-bordeaux.fr\/en\/online-cellar\/cuvee-or-rouge-chateau-lanbersac-puisseguin-saint-emilion\/","title":{"rendered":"Cuv\u00e9e Or Rouge &#8211; Ch\u00e2teau Lanbersac &#8211; Puisseguin Saint-Emilion &#8211; 2019"},"content":{"rendered":"<p>Issue de nos meilleurs terroirs sur le plateau d&#8217;argile rouge de Puisseguin, cette cuv\u00e9e, puissante et intense, r\u00e9v\u00e8le des ar\u00f4mes de cerises noires et d&#8217;\u00e9pices. Une micro cuv\u00e9e, \u00e0 laisser vieillir quelques ann\u00e9es.<\/p>\n<p>Merlot, Malbec.<\/p>\n<p>90 James Suckling<\/p>\n","protected":false},"excerpt":{"rendered":"<p>Issue de nos meilleurs terroirs sur le plateau d&#8217;argile rouge de Puisseguin, cette cuv\u00e9e, puissante et intense, r\u00e9v\u00e8le des ar\u00f4mes de cerises noires et d&#8217;\u00e9pices. Une micro cuv\u00e9e, \u00e0 laisser vieillir quelques ann\u00e9es. Merlot, Malbec. 90 James Suckling<\/p>\n","protected":false},"featured_media":8995,"template":"","meta":{"_acf_changed":false,"_seopress_robots_primary_cat":"none","_seopress_titles_title":"","_seopress_titles_desc":"","_seopress_robots_index":""},"product_brand":[],"product_cat":[47],"product_tag":[],"class_list":{"0":"post-9008","1":"product","2":"type-product","3":"status-publish","4":"has-post-thumbnail","6":"product_cat-wines","8":"first","9":"instock","10":"taxable","11":"shipping-taxable","12":"purchasable","13":"product-type-simple"},"acf":[],"_links":{"self":[{"href":"https:\/\/celene-bordeaux.fr\/en\/wp-json\/wp\/v2\/product\/9008","targetHints":{"allow":["GET"]}}],"collection":[{"href":"https:\/\/celene-bordeaux.fr\/en\/wp-json\/wp\/v2\/product"}],"about":[{"href":"https:\/\/celene-bordeaux.fr\/en\/wp-json\/wp\/v2\/types\/product"}],"wp:featuredmedia":[{"embeddable":true,"href":"https:\/\/celene-bordeaux.fr\/en\/wp-json\/wp\/v2\/media\/8995"}],"wp:attachment":[{"href":"https:\/\/celene-bordeaux.fr\/en\/wp-json\/wp\/v2\/media?parent=9008"}],"wp:term":[{"taxonomy":"product_brand","embeddable":true,"href":"https:\/\/celene-bordeaux.fr\/en\/wp-json\/wp\/v2\/product_brand?post=9008"},{"taxonomy":"product_cat","embeddable":true,"href":"https:\/\/celene-bordeaux.fr\/en\/wp-json\/wp\/v2\/product_cat?post=9008"},{"taxonomy":"product_tag","embeddable":true,"href":"https:\/\/celene-bordeaux.fr\/en\/wp-json\/wp\/v2\/product_tag?post=9008"}],"curies":[{"name":"wp","href":"https:\/\/api.w.org\/{rel}","templated":true}]}}