{"id":9007,"date":"2020-05-13T21:28:41","date_gmt":"2020-05-13T19:28:41","guid":{"rendered":"https:\/\/celene-bordeaux.fr\/cave-en-ligne\/celene-amethyste-blanc-de-noirs-cremant-de-bordeaux\/"},"modified":"2025-01-16T11:44:25","modified_gmt":"2025-01-16T10:44:25","slug":"celene-amethyste-blanc-de-noirs-cremant-de-bordeaux","status":"publish","type":"product","link":"https:\/\/celene-bordeaux.fr\/en\/online-cellar\/celene-amethyste-blanc-de-noirs-cremant-de-bordeaux\/","title":{"rendered":"Celene Am\u00e9thyste &#8211; Blanc de noirs &#8211; Cr\u00e9mant de Bordeaux"},"content":{"rendered":"<p>Celene Am\u00e9thyste &#8211; Blanc de noirs &#8211; Cr\u00e9mant de Bordeaux &#8211; Merlot \/ Cabernet Franc<\/p>\n<p>A ses ar\u00f4mes de groseille, r\u00e9pond une bouche d&#8217;une belle tenue, fra\u00eeche et longue. Un cr\u00e9mant avec de la min\u00e9ralit\u00e9 qui montre de la puissance du corps et une finesse aromatique rare.<\/p>\n<p>Vendanges: manuelle en clayettes, seconde fermentation en bouteille, Elevage: 18 mois sur lattes<\/p>\n<p>&nbsp;<\/p>\n","protected":false},"excerpt":{"rendered":"<p>Celene Am\u00e9thyste &#8211; Blanc de noirs &#8211; Cr\u00e9mant de Bordeaux &#8211; Merlot \/ Cabernet Franc A ses ar\u00f4mes de groseille, r\u00e9pond une bouche d&#8217;une belle tenue, fra\u00eeche et longue. Un cr\u00e9mant avec de la min\u00e9ralit\u00e9 qui montre de la puissance du corps et une finesse aromatique rare. Vendanges: manuelle en clayettes, seconde fermentation en bouteille, &hellip; <a href=\"https:\/\/celene-bordeaux.fr\/en\/online-cellar\/celene-amethyste-blanc-de-noirs-cremant-de-bordeaux\/\">Continued<\/a><\/p>\n","protected":false},"featured_media":2377,"template":"","meta":{"_acf_changed":false,"_seopress_robots_primary_cat":"none","_seopress_titles_title":"","_seopress_titles_desc":"","_seopress_robots_index":""},"product_brand":[],"product_cat":[43],"product_tag":[],"class_list":{"0":"post-9007","1":"product","2":"type-product","3":"status-publish","4":"has-post-thumbnail","6":"product_cat-cremants-en","8":"first","9":"instock","10":"taxable","11":"shipping-taxable","12":"purchasable","13":"product-type-simple"},"acf":[],"_links":{"self":[{"href":"https:\/\/celene-bordeaux.fr\/en\/wp-json\/wp\/v2\/product\/9007","targetHints":{"allow":["GET"]}}],"collection":[{"href":"https:\/\/celene-bordeaux.fr\/en\/wp-json\/wp\/v2\/product"}],"about":[{"href":"https:\/\/celene-bordeaux.fr\/en\/wp-json\/wp\/v2\/types\/product"}],"wp:featuredmedia":[{"embeddable":true,"href":"https:\/\/celene-bordeaux.fr\/en\/wp-json\/wp\/v2\/media\/2377"}],"wp:attachment":[{"href":"https:\/\/celene-bordeaux.fr\/en\/wp-json\/wp\/v2\/media?parent=9007"}],"wp:term":[{"taxonomy":"product_brand","embeddable":true,"href":"https:\/\/celene-bordeaux.fr\/en\/wp-json\/wp\/v2\/product_brand?post=9007"},{"taxonomy":"product_cat","embeddable":true,"href":"https:\/\/celene-bordeaux.fr\/en\/wp-json\/wp\/v2\/product_cat?post=9007"},{"taxonomy":"product_tag","embeddable":true,"href":"https:\/\/celene-bordeaux.fr\/en\/wp-json\/wp\/v2\/product_tag?post=9007"}],"curies":[{"name":"wp","href":"https:\/\/api.w.org\/{rel}","templated":true}]}}