{"id":12336,"date":"2022-11-16T14:01:04","date_gmt":"2022-11-16T13:01:04","guid":{"rendered":"https:\/\/celene-bordeaux.fr\/cave-en-ligne\/le-coffret-vins-rouges-vignobles-lannoye\/"},"modified":"2025-11-20T17:43:04","modified_gmt":"2025-11-20T16:43:04","slug":"le-coffret-vins-rouges-vignobles-lannoye","status":"publish","type":"product","link":"https:\/\/celene-bordeaux.fr\/en\/online-cellar\/le-coffret-vins-rouges-vignobles-lannoye\/","title":{"rendered":"Le coffret vins rouges Vignobles Lannoye"},"content":{"rendered":"<p>Accompagnez vos plats savoureux avec notre s\u00e9lection de vins rouges gourmands, intenses et soyeux. Sp\u00e9cialement pens\u00e9e par notre \u00e9quipe, cette s\u00e9lection de vins rouges vous permettra de d\u00e9couvrir ou faire d\u00e9couvrir les vins issus des 3 propri\u00e9t\u00e9s de la famille Lannoye, chacun \u00e9labor\u00e9 \u00e0 partir des c\u00e9pages embl\u00e9matiques de la r\u00e9gion.<\/p>\n<p>Dans ce coffret :<\/p>\n<p>2 Bouteilles Ambe Tour Pourret Saint-Emilion Grand Cru 2019 (Merlot- Cabernet Franc)<\/p>\n<p>2 Bouteilles Ch\u00e2teau Lanbersac\u00a0 Cuv\u00e9e Or Rouge 2019 Puisseguin Saint-Emilion (Merlot &#8211; Malbec)<\/p>\n<p>2 Bouteilles Ch\u00e2teau Moulin de Clotte &#8211; Arion 2018\u00a0 Castillon C\u00f4tes de Bordeaux (100% Merlot)<\/p>\n<p>&nbsp;<\/p>\n","protected":false},"excerpt":{"rendered":"<p>Accompagnez vos plats savoureux avec notre s\u00e9lection de vins rouges gourmands, intenses et soyeux. Sp\u00e9cialement pens\u00e9e par notre \u00e9quipe, cette s\u00e9lection de vins rouges vous permettra de d\u00e9couvrir ou faire d\u00e9couvrir les vins issus des 3 propri\u00e9t\u00e9s de la famille Lannoye, chacun \u00e9labor\u00e9 \u00e0 partir des c\u00e9pages embl\u00e9matiques de la r\u00e9gion. Dans ce coffret : &hellip; <a href=\"https:\/\/celene-bordeaux.fr\/en\/online-cellar\/le-coffret-vins-rouges-vignobles-lannoye\/\">Continued<\/a><\/p>\n","protected":false},"featured_media":15920,"template":"","meta":{"_acf_changed":false,"_seopress_robots_primary_cat":"none","_seopress_titles_title":"","_seopress_titles_desc":"S\u00e9lection de vin issus des 3 propri\u00e9t\u00e9s de la famille Lannoye : Saint-Emilion Grand Cru, Puisseguin Saint-Emilion, Castillon C\u00f4tes de Bordeaux. ","_seopress_robots_index":""},"product_brand":[],"product_cat":[47],"product_tag":[],"class_list":{"0":"post-12336","1":"product","2":"type-product","3":"status-publish","4":"has-post-thumbnail","6":"product_cat-wines","8":"first","9":"instock","10":"taxable","11":"shipping-taxable","12":"purchasable","13":"product-type-simple"},"acf":[],"_links":{"self":[{"href":"https:\/\/celene-bordeaux.fr\/en\/wp-json\/wp\/v2\/product\/12336","targetHints":{"allow":["GET"]}}],"collection":[{"href":"https:\/\/celene-bordeaux.fr\/en\/wp-json\/wp\/v2\/product"}],"about":[{"href":"https:\/\/celene-bordeaux.fr\/en\/wp-json\/wp\/v2\/types\/product"}],"wp:featuredmedia":[{"embeddable":true,"href":"https:\/\/celene-bordeaux.fr\/en\/wp-json\/wp\/v2\/media\/15920"}],"wp:attachment":[{"href":"https:\/\/celene-bordeaux.fr\/en\/wp-json\/wp\/v2\/media?parent=12336"}],"wp:term":[{"taxonomy":"product_brand","embeddable":true,"href":"https:\/\/celene-bordeaux.fr\/en\/wp-json\/wp\/v2\/product_brand?post=12336"},{"taxonomy":"product_cat","embeddable":true,"href":"https:\/\/celene-bordeaux.fr\/en\/wp-json\/wp\/v2\/product_cat?post=12336"},{"taxonomy":"product_tag","embeddable":true,"href":"https:\/\/celene-bordeaux.fr\/en\/wp-json\/wp\/v2\/product_tag?post=12336"}],"curies":[{"name":"wp","href":"https:\/\/api.w.org\/{rel}","templated":true}]}}