{"id":12335,"date":"2022-11-16T14:11:46","date_gmt":"2022-11-16T13:11:46","guid":{"rendered":"https:\/\/celene-bordeaux.fr\/cave-en-ligne\/celene-gaia-bio-blanc-de-blancs-cremant-de-bordeaux\/"},"modified":"2025-01-16T11:42:08","modified_gmt":"2025-01-16T10:42:08","slug":"celene-gaia-bio-blanc-de-blancs-cremant-de-bordeaux","status":"publish","type":"product","link":"https:\/\/celene-bordeaux.fr\/en\/online-cellar\/celene-gaia-bio-blanc-de-blancs-cremant-de-bordeaux\/","title":{"rendered":"Celene Ga\u00efa BIO &#8211; blanc de blancs &#8211; Cr\u00e9mant de Bordeaux"},"content":{"rendered":"<p>La cuv\u00e9e Ga\u00efa, c\u2019est l&#8217;expression ultime du S\u00e9millon: une robe jaune p\u00e2le, des ar\u00f4mes de fruits jaunes et de vanille, une fra\u00eecheur incroyable sur le palais.<\/p>\n<p>&nbsp;<\/p>\n","protected":false},"excerpt":{"rendered":"<p>La cuv\u00e9e Ga\u00efa, c\u2019est l&#8217;expression ultime du S\u00e9millon: une robe jaune p\u00e2le, des ar\u00f4mes de fruits jaunes et de vanille, une fra\u00eecheur incroyable sur le palais. &nbsp;<\/p>\n","protected":false},"featured_media":12327,"template":"","meta":{"_acf_changed":false,"_seopress_robots_primary_cat":"none","_seopress_titles_title":"","_seopress_titles_desc":"","_seopress_robots_index":""},"product_brand":[],"product_cat":[43],"product_tag":[],"class_list":{"0":"post-12335","1":"product","2":"type-product","3":"status-publish","4":"has-post-thumbnail","6":"product_cat-cremants-en","8":"first","9":"instock","10":"taxable","11":"shipping-taxable","12":"purchasable","13":"product-type-simple"},"acf":[],"_links":{"self":[{"href":"https:\/\/celene-bordeaux.fr\/en\/wp-json\/wp\/v2\/product\/12335","targetHints":{"allow":["GET"]}}],"collection":[{"href":"https:\/\/celene-bordeaux.fr\/en\/wp-json\/wp\/v2\/product"}],"about":[{"href":"https:\/\/celene-bordeaux.fr\/en\/wp-json\/wp\/v2\/types\/product"}],"wp:featuredmedia":[{"embeddable":true,"href":"https:\/\/celene-bordeaux.fr\/en\/wp-json\/wp\/v2\/media\/12327"}],"wp:attachment":[{"href":"https:\/\/celene-bordeaux.fr\/en\/wp-json\/wp\/v2\/media?parent=12335"}],"wp:term":[{"taxonomy":"product_brand","embeddable":true,"href":"https:\/\/celene-bordeaux.fr\/en\/wp-json\/wp\/v2\/product_brand?post=12335"},{"taxonomy":"product_cat","embeddable":true,"href":"https:\/\/celene-bordeaux.fr\/en\/wp-json\/wp\/v2\/product_cat?post=12335"},{"taxonomy":"product_tag","embeddable":true,"href":"https:\/\/celene-bordeaux.fr\/en\/wp-json\/wp\/v2\/product_tag?post=12335"}],"curies":[{"name":"wp","href":"https:\/\/api.w.org\/{rel}","templated":true}]}}