{"id":12332,"date":"2022-11-16T14:07:32","date_gmt":"2022-11-16T13:07:32","guid":{"rendered":"https:\/\/celene-bordeaux.fr\/cave-en-ligne\/celene-quartz-blanc-de-blancs-cremant-de-bordeaux\/"},"modified":"2025-01-16T11:43:34","modified_gmt":"2025-01-16T10:43:34","slug":"celene-quartz-blanc-de-blancs-cremant-de-bordeaux","status":"publish","type":"product","link":"https:\/\/celene-bordeaux.fr\/en\/online-cellar\/celene-quartz-blanc-de-blancs-cremant-de-bordeaux\/","title":{"rendered":"Celene Quartz &#8211; blanc de blancs &#8211; Cr\u00e9mant de Bordeaux"},"content":{"rendered":"<p>Ce vin vous surprendra par son ampleur en bouche, sa texture soyeuse, ses ar\u00f4mes complexes de fruits jaunes \u00e9quilibr\u00e9s par un zeste d&#8217;orange pour la fra\u00eecheur, la longueur incroyable de sa finale.<\/p>\n<p>&nbsp;<\/p>\n","protected":false},"excerpt":{"rendered":"<p>Ce vin vous surprendra par son ampleur en bouche, sa texture soyeuse, ses ar\u00f4mes complexes de fruits jaunes \u00e9quilibr\u00e9s par un zeste d&#8217;orange pour la fra\u00eecheur, la longueur incroyable de sa finale. &nbsp;<\/p>\n","protected":false},"featured_media":12334,"template":"","meta":{"_acf_changed":false,"_seopress_robots_primary_cat":"none","_seopress_titles_title":"","_seopress_titles_desc":"","_seopress_robots_index":""},"product_brand":[],"product_cat":[43],"product_tag":[],"class_list":{"0":"post-12332","1":"product","2":"type-product","3":"status-publish","4":"has-post-thumbnail","6":"product_cat-cremants-en","8":"first","9":"instock","10":"taxable","11":"shipping-taxable","12":"purchasable","13":"product-type-simple"},"acf":[],"_links":{"self":[{"href":"https:\/\/celene-bordeaux.fr\/en\/wp-json\/wp\/v2\/product\/12332","targetHints":{"allow":["GET"]}}],"collection":[{"href":"https:\/\/celene-bordeaux.fr\/en\/wp-json\/wp\/v2\/product"}],"about":[{"href":"https:\/\/celene-bordeaux.fr\/en\/wp-json\/wp\/v2\/types\/product"}],"wp:featuredmedia":[{"embeddable":true,"href":"https:\/\/celene-bordeaux.fr\/en\/wp-json\/wp\/v2\/media\/12334"}],"wp:attachment":[{"href":"https:\/\/celene-bordeaux.fr\/en\/wp-json\/wp\/v2\/media?parent=12332"}],"wp:term":[{"taxonomy":"product_brand","embeddable":true,"href":"https:\/\/celene-bordeaux.fr\/en\/wp-json\/wp\/v2\/product_brand?post=12332"},{"taxonomy":"product_cat","embeddable":true,"href":"https:\/\/celene-bordeaux.fr\/en\/wp-json\/wp\/v2\/product_cat?post=12332"},{"taxonomy":"product_tag","embeddable":true,"href":"https:\/\/celene-bordeaux.fr\/en\/wp-json\/wp\/v2\/product_tag?post=12332"}],"curies":[{"name":"wp","href":"https:\/\/api.w.org\/{rel}","templated":true}]}}