{"id":12315,"date":"2022-11-16T13:51:12","date_gmt":"2022-11-16T12:51:12","guid":{"rendered":"https:\/\/celene-bordeaux.fr\/cave-en-ligne\/coffret-decouverte-celene\/"},"modified":"2025-01-16T11:44:17","modified_gmt":"2025-01-16T10:44:17","slug":"coffret-decouverte-celene","status":"publish","type":"product","link":"https:\/\/celene-bordeaux.fr\/en\/online-cellar\/coffret-decouverte-celene\/","title":{"rendered":"Coffret d\u00e9couverte Celene (6 cr\u00e9mants)"},"content":{"rendered":"<p>Discover all the freshness and finesse of our Cr\u00e9mants de Bordeaux in this discovery box.<\/p>\n<p>The Celene sparkling wine is your best ally for your moments with family or friends!<\/p>\n<p>This box includes :<\/p>\n<p>4 blanc de blancs :<\/p>\n<p>1 Opale \/ 1 Quartz \/ 1 Diamant 2015 \/ 1 Ga\u00efa BIO<\/p>\n<p>1 Amethyste (blanc de noirs)<\/p>\n<p>1 Saphir(ros\u00e9)<\/p>\n<p>&nbsp;<\/p>\n","protected":false},"excerpt":{"rendered":"<p>Discover all the freshness and finesse of our Cr\u00e9mants de Bordeaux in this discovery box. The Celene sparkling wine is your best ally for your moments with family or friends! This box includes : 4 blanc de blancs : 1 Opale \/ 1 Quartz \/ 1 Diamant 2015 \/ 1 Ga\u00efa BIO 1 Amethyste (blanc &hellip; <a href=\"https:\/\/celene-bordeaux.fr\/en\/online-cellar\/coffret-decouverte-celene\/\">Continued<\/a><\/p>\n","protected":false},"featured_media":12331,"template":"","meta":{"_acf_changed":false,"_seopress_robots_primary_cat":"none","_seopress_titles_title":"","_seopress_titles_desc":"","_seopress_robots_index":""},"product_brand":[],"product_cat":[43],"product_tag":[],"class_list":{"0":"post-12315","1":"product","2":"type-product","3":"status-publish","4":"has-post-thumbnail","6":"product_cat-cremants-en","8":"first","9":"instock","10":"taxable","11":"shipping-taxable","12":"purchasable","13":"product-type-simple"},"acf":[],"_links":{"self":[{"href":"https:\/\/celene-bordeaux.fr\/en\/wp-json\/wp\/v2\/product\/12315","targetHints":{"allow":["GET"]}}],"collection":[{"href":"https:\/\/celene-bordeaux.fr\/en\/wp-json\/wp\/v2\/product"}],"about":[{"href":"https:\/\/celene-bordeaux.fr\/en\/wp-json\/wp\/v2\/types\/product"}],"wp:featuredmedia":[{"embeddable":true,"href":"https:\/\/celene-bordeaux.fr\/en\/wp-json\/wp\/v2\/media\/12331"}],"wp:attachment":[{"href":"https:\/\/celene-bordeaux.fr\/en\/wp-json\/wp\/v2\/media?parent=12315"}],"wp:term":[{"taxonomy":"product_brand","embeddable":true,"href":"https:\/\/celene-bordeaux.fr\/en\/wp-json\/wp\/v2\/product_brand?post=12315"},{"taxonomy":"product_cat","embeddable":true,"href":"https:\/\/celene-bordeaux.fr\/en\/wp-json\/wp\/v2\/product_cat?post=12315"},{"taxonomy":"product_tag","embeddable":true,"href":"https:\/\/celene-bordeaux.fr\/en\/wp-json\/wp\/v2\/product_tag?post=12315"}],"curies":[{"name":"wp","href":"https:\/\/api.w.org\/{rel}","templated":true}]}}